{"id":1609,"date":"2023-12-21T12:01:30","date_gmt":"2023-12-21T11:01:30","guid":{"rendered":"https:\/\/renobatech.ch\/gebaeuderenovation\/"},"modified":"2024-10-08T10:35:23","modified_gmt":"2024-10-08T09:35:23","slug":"gebaeuderenovation","status":"publish","type":"page","link":"https:\/\/renobatech.ch\/de\/gebaeuderenovation\/","title":{"rendered":"Geb\u00e4uderenovation"},"content":{"rendered":"\t\t<div data-elementor-type=\"wp-page\" data-elementor-id=\"1609\" class=\"elementor elementor-1609\" data-elementor-post-type=\"page\">\n\t\t\t\t\t\t<section class=\"elementor-section elementor-top-section elementor-element elementor-element-aff83ff elementor-section-boxed elementor-section-height-default elementor-section-height-default\" data-id=\"aff83ff\" data-element_type=\"section\" data-e-type=\"section\">\n\t\t\t\t\t\t<div class=\"elementor-container elementor-column-gap-default\">\n\t\t\t\t\t<div class=\"elementor-column elementor-col-100 elementor-top-column elementor-element elementor-element-8c874ef\" data-id=\"8c874ef\" data-element_type=\"column\" data-e-type=\"column\">\n\t\t\t<div class=\"elementor-widget-wrap elementor-element-populated\">\n\t\t\t\t\t\t<div class=\"elementor-element elementor-element-d8b9b38 elementor-widget elementor-widget-text-editor\" data-id=\"d8b9b38\" data-element_type=\"widget\" data-e-type=\"widget\" data-widget_type=\"text-editor.default\">\n\t\t\t\t<div class=\"elementor-widget-container\">\n\t\t\t\t\t\t\t\t\t<p>Bei RenobaTECH sind wir auf die Revitalisierung bestehender R\u00e4ume spezialisiert und f\u00fchren Renovierungsprojekte durch, die nicht nur Geb\u00e4ude modernisieren und umgestalten, sondern auch deren Effizienz und Nachhaltigkeit optimieren. Unsere Renovierungsphilosophie basiert auf viel Liebe zum Detail und der Anwendung der neuesten Design- und Konstruktionsinnovationen, um sicherzustellen, dass Ihr Geb\u00e4ude nicht nur den aktuellen Erwartungen entspricht, sondern auch f\u00fcr die Zukunft ger\u00fcstet ist. <\/p>\n<p>Wir verstehen, dass jedes Geb\u00e4ude seine Geschichte und seinen einzigartigen Charakter hat. Deshalb ist unser Ansatz individuell auf jeden Kunden zugeschnitten und stellt sicher, dass die Renovierung seine spezifischen Visionen und Bed\u00fcrfnisse widerspiegelt. Von \u00e4sthetischen Aktualisierungen bis hin zur kompletten Neugestaltung von R\u00e4umen arbeitet unser Team aus Fachleuten eng mit Kunden zusammen, um L\u00f6sungen zu bieten, die den Wert der Immobilie steigern und die Lebensqualit\u00e4t ihrer Bewohner verbessern. Bei RenobaTECH liegt Ihr Renovierungsprojekt in den H\u00e4nden von Experten, die sich f\u00fcr Exzellenz und Innovation einsetzen.  <\/p>\n\t\t\t\t\t\t\t\t<\/div>\n\t\t\t\t<\/div>\n\t\t\t\t\t<\/div>\n\t\t<\/div>\n\t\t\t\t\t<\/div>\n\t\t<\/section>\n\t\t\t\t<\/div>\n\t\t","protected":false},"excerpt":{"rendered":"<p>Bei RenobaTECH sind wir auf die Revitalisierung bestehender R\u00e4ume spezialisiert und f\u00fchren Renovierungsprojekte durch, die nicht nur Geb\u00e4ude modernisieren und umgestalten, sondern auch deren Effizienz und Nachhaltigkeit optimieren. Unsere Renovierungsphilosophie basiert auf viel Liebe zum Detail und der Anwendung der neuesten Design- und Konstruktionsinnovationen, um sicherzustellen, dass Ihr Geb\u00e4ude nicht nur den aktuellen Erwartungen entspricht, &#8230; <a title=\"Geb\u00e4uderenovation\" class=\"read-more\" href=\"https:\/\/renobatech.ch\/de\/gebaeuderenovation\/\" aria-label=\"Mehr Informationen \u00fcber Geb\u00e4uderenovation\">Weiterlesen<\/a><\/p>\n","protected":false},"author":1,"featured_media":0,"parent":0,"menu_order":0,"comment_status":"closed","ping_status":"closed","template":"","meta":{"_acf_changed":false,"footnotes":""},"class_list":["post-1609","page","type-page","status-publish"],"acf":[],"yoast_head":"<!-- This site is optimized with the Yoast SEO plugin v27.5 - https:\/\/yoast.com\/product\/yoast-seo-wordpress\/ -->\n<title>Geb\u00e4uderenovation - RenobaTECH<\/title>\n<meta name=\"robots\" content=\"index, follow, max-snippet:-1, max-image-preview:large, max-video-preview:-1\" \/>\n<link rel=\"canonical\" href=\"https:\/\/renobatech.ch\/de\/gebaeuderenovation\/\" \/>\n<meta property=\"og:locale\" content=\"de_DE\" \/>\n<meta property=\"og:type\" content=\"article\" \/>\n<meta property=\"og:title\" content=\"Geb\u00e4uderenovation - RenobaTECH\" \/>\n<meta property=\"og:description\" content=\"Bei RenobaTECH sind wir auf die Revitalisierung bestehender R\u00e4ume spezialisiert und f\u00fchren Renovierungsprojekte durch, die nicht nur Geb\u00e4ude modernisieren und umgestalten, sondern auch deren Effizienz und Nachhaltigkeit optimieren. Unsere Renovierungsphilosophie basiert auf viel Liebe zum Detail und der Anwendung der neuesten Design- und Konstruktionsinnovationen, um sicherzustellen, dass Ihr Geb\u00e4ude nicht nur den aktuellen Erwartungen entspricht, ... Weiterlesen\" \/>\n<meta property=\"og:url\" content=\"https:\/\/renobatech.ch\/de\/gebaeuderenovation\/\" \/>\n<meta property=\"og:site_name\" content=\"RenobaTECH\" \/>\n<meta property=\"article:modified_time\" content=\"2024-10-08T09:35:23+00:00\" \/>\n<meta property=\"og:image\" content=\"https:\/\/renobatech.ch\/wp-content\/uploads\/Logo_renobatech.png\" \/>\n\t<meta property=\"og:image:width\" content=\"1629\" \/>\n\t<meta property=\"og:image:height\" content=\"379\" \/>\n\t<meta property=\"og:image:type\" content=\"image\/png\" \/>\n<meta name=\"twitter:card\" content=\"summary_large_image\" \/>\n<meta name=\"twitter:label1\" content=\"Gesch\u00e4tzte Lesezeit\" \/>\n\t<meta name=\"twitter:data1\" content=\"1\u00a0Minute\" \/>\n<script type=\"application\/ld+json\" class=\"yoast-schema-graph\">{\"@context\":\"https:\\\/\\\/schema.org\",\"@graph\":[{\"@type\":\"WebPage\",\"@id\":\"https:\\\/\\\/renobatech.ch\\\/de\\\/gebaeuderenovation\\\/\",\"url\":\"https:\\\/\\\/renobatech.ch\\\/de\\\/gebaeuderenovation\\\/\",\"name\":\"Geb\u00e4uderenovation - RenobaTECH\",\"isPartOf\":{\"@id\":\"https:\\\/\\\/renobatech.ch\\\/de\\\/#website\"},\"datePublished\":\"2023-12-21T11:01:30+00:00\",\"dateModified\":\"2024-10-08T09:35:23+00:00\",\"breadcrumb\":{\"@id\":\"https:\\\/\\\/renobatech.ch\\\/de\\\/gebaeuderenovation\\\/#breadcrumb\"},\"inLanguage\":\"de\",\"potentialAction\":[{\"@type\":\"ReadAction\",\"target\":[\"https:\\\/\\\/renobatech.ch\\\/de\\\/gebaeuderenovation\\\/\"]}]},{\"@type\":\"BreadcrumbList\",\"@id\":\"https:\\\/\\\/renobatech.ch\\\/de\\\/gebaeuderenovation\\\/#breadcrumb\",\"itemListElement\":[{\"@type\":\"ListItem\",\"position\":1,\"name\":\"Portada\",\"item\":\"https:\\\/\\\/renobatech.ch\\\/de\\\/\"},{\"@type\":\"ListItem\",\"position\":2,\"name\":\"Geb\u00e4uderenovation\"}]},{\"@type\":\"WebSite\",\"@id\":\"https:\\\/\\\/renobatech.ch\\\/de\\\/#website\",\"url\":\"https:\\\/\\\/renobatech.ch\\\/de\\\/\",\"name\":\"RenobaTECH\",\"description\":\"INSPECTION TECHNIQUE DES B\u00c2TIMENTS  EXPERT EN R\u00c9NOVATION\",\"publisher\":{\"@id\":\"https:\\\/\\\/renobatech.ch\\\/de\\\/#organization\"},\"alternateName\":\"Expert en r\u00e9novation.\",\"potentialAction\":[{\"@type\":\"SearchAction\",\"target\":{\"@type\":\"EntryPoint\",\"urlTemplate\":\"https:\\\/\\\/renobatech.ch\\\/de\\\/?s={search_term_string}\"},\"query-input\":{\"@type\":\"PropertyValueSpecification\",\"valueRequired\":true,\"valueName\":\"search_term_string\"}}],\"inLanguage\":\"de\"},{\"@type\":\"Organization\",\"@id\":\"https:\\\/\\\/renobatech.ch\\\/de\\\/#organization\",\"name\":\"RenobaTECH\",\"alternateName\":\"INSPECTION TECHNIQUE DES B\u00c2TIMENTS EXPERT EN R\u00c9NOVATION\",\"url\":\"https:\\\/\\\/renobatech.ch\\\/de\\\/\",\"logo\":{\"@type\":\"ImageObject\",\"inLanguage\":\"de\",\"@id\":\"https:\\\/\\\/renobatech.ch\\\/de\\\/#\\\/schema\\\/logo\\\/image\\\/\",\"url\":\"https:\\\/\\\/renobatech.ch\\\/wp-content\\\/uploads\\\/Logo_renobatech_ING__1.png\",\"contentUrl\":\"https:\\\/\\\/renobatech.ch\\\/wp-content\\\/uploads\\\/Logo_renobatech_ING__1.png\",\"width\":782,\"height\":183,\"caption\":\"RenobaTECH\"},\"image\":{\"@id\":\"https:\\\/\\\/renobatech.ch\\\/de\\\/#\\\/schema\\\/logo\\\/image\\\/\"}}]}<\/script>\n<!-- \/ Yoast SEO plugin. -->","yoast_head_json":{"title":"Geb\u00e4uderenovation - RenobaTECH","robots":{"index":"index","follow":"follow","max-snippet":"max-snippet:-1","max-image-preview":"max-image-preview:large","max-video-preview":"max-video-preview:-1"},"canonical":"https:\/\/renobatech.ch\/de\/gebaeuderenovation\/","og_locale":"de_DE","og_type":"article","og_title":"Geb\u00e4uderenovation - RenobaTECH","og_description":"Bei RenobaTECH sind wir auf die Revitalisierung bestehender R\u00e4ume spezialisiert und f\u00fchren Renovierungsprojekte durch, die nicht nur Geb\u00e4ude modernisieren und umgestalten, sondern auch deren Effizienz und Nachhaltigkeit optimieren. Unsere Renovierungsphilosophie basiert auf viel Liebe zum Detail und der Anwendung der neuesten Design- und Konstruktionsinnovationen, um sicherzustellen, dass Ihr Geb\u00e4ude nicht nur den aktuellen Erwartungen entspricht, ... Weiterlesen","og_url":"https:\/\/renobatech.ch\/de\/gebaeuderenovation\/","og_site_name":"RenobaTECH","article_modified_time":"2024-10-08T09:35:23+00:00","og_image":[{"width":1629,"height":379,"url":"https:\/\/renobatech.ch\/wp-content\/uploads\/Logo_renobatech.png","type":"image\/png"}],"twitter_card":"summary_large_image","twitter_misc":{"Gesch\u00e4tzte Lesezeit":"1\u00a0Minute"},"schema":{"@context":"https:\/\/schema.org","@graph":[{"@type":"WebPage","@id":"https:\/\/renobatech.ch\/de\/gebaeuderenovation\/","url":"https:\/\/renobatech.ch\/de\/gebaeuderenovation\/","name":"Geb\u00e4uderenovation - RenobaTECH","isPartOf":{"@id":"https:\/\/renobatech.ch\/de\/#website"},"datePublished":"2023-12-21T11:01:30+00:00","dateModified":"2024-10-08T09:35:23+00:00","breadcrumb":{"@id":"https:\/\/renobatech.ch\/de\/gebaeuderenovation\/#breadcrumb"},"inLanguage":"de","potentialAction":[{"@type":"ReadAction","target":["https:\/\/renobatech.ch\/de\/gebaeuderenovation\/"]}]},{"@type":"BreadcrumbList","@id":"https:\/\/renobatech.ch\/de\/gebaeuderenovation\/#breadcrumb","itemListElement":[{"@type":"ListItem","position":1,"name":"Portada","item":"https:\/\/renobatech.ch\/de\/"},{"@type":"ListItem","position":2,"name":"Geb\u00e4uderenovation"}]},{"@type":"WebSite","@id":"https:\/\/renobatech.ch\/de\/#website","url":"https:\/\/renobatech.ch\/de\/","name":"RenobaTECH","description":"INSPECTION TECHNIQUE DES B\u00c2TIMENTS  EXPERT EN R\u00c9NOVATION","publisher":{"@id":"https:\/\/renobatech.ch\/de\/#organization"},"alternateName":"Expert en r\u00e9novation.","potentialAction":[{"@type":"SearchAction","target":{"@type":"EntryPoint","urlTemplate":"https:\/\/renobatech.ch\/de\/?s={search_term_string}"},"query-input":{"@type":"PropertyValueSpecification","valueRequired":true,"valueName":"search_term_string"}}],"inLanguage":"de"},{"@type":"Organization","@id":"https:\/\/renobatech.ch\/de\/#organization","name":"RenobaTECH","alternateName":"INSPECTION TECHNIQUE DES B\u00c2TIMENTS EXPERT EN R\u00c9NOVATION","url":"https:\/\/renobatech.ch\/de\/","logo":{"@type":"ImageObject","inLanguage":"de","@id":"https:\/\/renobatech.ch\/de\/#\/schema\/logo\/image\/","url":"https:\/\/renobatech.ch\/wp-content\/uploads\/Logo_renobatech_ING__1.png","contentUrl":"https:\/\/renobatech.ch\/wp-content\/uploads\/Logo_renobatech_ING__1.png","width":782,"height":183,"caption":"RenobaTECH"},"image":{"@id":"https:\/\/renobatech.ch\/de\/#\/schema\/logo\/image\/"}}]}},"_links":{"self":[{"href":"https:\/\/renobatech.ch\/de\/wp-json\/wp\/v2\/pages\/1609","targetHints":{"allow":["GET"]}}],"collection":[{"href":"https:\/\/renobatech.ch\/de\/wp-json\/wp\/v2\/pages"}],"about":[{"href":"https:\/\/renobatech.ch\/de\/wp-json\/wp\/v2\/types\/page"}],"author":[{"embeddable":true,"href":"https:\/\/renobatech.ch\/de\/wp-json\/wp\/v2\/users\/1"}],"replies":[{"embeddable":true,"href":"https:\/\/renobatech.ch\/de\/wp-json\/wp\/v2\/comments?post=1609"}],"version-history":[{"count":2,"href":"https:\/\/renobatech.ch\/de\/wp-json\/wp\/v2\/pages\/1609\/revisions"}],"predecessor-version":[{"id":1632,"href":"https:\/\/renobatech.ch\/de\/wp-json\/wp\/v2\/pages\/1609\/revisions\/1632"}],"wp:attachment":[{"href":"https:\/\/renobatech.ch\/de\/wp-json\/wp\/v2\/media?parent=1609"}],"curies":[{"name":"wp","href":"https:\/\/api.w.org\/{rel}","templated":true}]}}